{"id":12912,"date":"2023-01-11T11:02:14","date_gmt":"2023-01-11T10:02:15","guid":{"rendered":"https:\/\/www.baginco.com\/?post_type=product&#038;p=12912"},"modified":"2023-01-11T11:30:57","modified_gmt":"2023-01-11T10:30:57","slug":"bolsas-de-papel-kraft-blancas-extra-antigrasa","status":"publish","type":"product","link":"https:\/\/www.baginco.com\/es\/envases\/bolsas-de-papel-kraft-blancas-extra-antigrasa\/","title":{"rendered":"Bolsas de papel kraft blancas extra antigrasa"},"content":{"rendered":"<p>\u00bfBusca <strong>bolsas de papel kraft <\/strong>blancas extra antigrasa con <strong>fondo cuadrado<\/strong>? Como fabricante, Baginco tiene una amplia oferta de bolsitas de papel fabricadas en <strong>papel kraft extra antigrasa<\/strong> blanca.<\/p>\n<p>Las bolsas de papel kraft blancas con fondo cuadrado est\u00e1n disponibles en <strong>2\u00a0formatos diferentes<\/strong>:<\/p>\n<ul>\n<li>Anchura 80 mm + profundidad 50 mm x altura 210 mm<\/li>\n<li>Anchura 95 mm + profundidad 50 mm x altura 195 mm<\/li>\n<\/ul>\n<p>El exterior de la bolsa es papel antigrasa de 100 g, el interior es un film PP de 30\u00b5. Las bolsitas est\u00e1n disponibles en stock en 2 formatos distintos.<\/p>\n<p>Estas bolsas de papel kraft antigrasa se utilizan para envasar productos grasos. Gracias a la laminaci\u00f3n antigrasa del exterior, el producto est\u00e1 protegido contra humedad o grasa externos y tampoco se apreciar\u00e1n huellas de grasa del producto en el exterior de la bolsa. El fondo cuadrado o rectangular garantiza que el producto se mantiene de pie en cualquier circunstancia, aunque disminuya el contenido.<\/p>\n<p>Estas bolsas de papel kraft blancas antigrasa son adecuadas para harina, caf\u00e9, t\u00e9, chocolate u otros productos alimenticios.<\/p>\n<p>Estas <strong>bolsas resistentes<\/strong> son de una materia duradera y son reciclable.<\/p>\n","protected":false},"excerpt":{"rendered":"<p>Estas <strong>bolsas sostenibles de papel kraft blanca antigrasa<\/strong>\u00a0con fondo cuadrado tienen una <strong>laminaci\u00f3n de OPP <\/strong>en el interior. Estas bolsas son adecuadas para chocolate, galletas, caf\u00e9 y otros productos alimenticios. Las bolsas de papel kraft blancas est\u00e1n disponibles en distintos formatos.<\/p>\n","protected":false},"featured_media":12955,"comment_status":"closed","ping_status":"closed","template":"","meta":[],"product_brand":[],"product_cat":[116,109,93],"product_tag":[],"class_list":{"0":"post-12912","1":"product","2":"type-product","3":"status-publish","4":"has-post-thumbnail","6":"product_cat-bolsas-antigrasa","7":"product_cat-blancas","8":"product_cat-bolsas-fondo-cuadrado","11":"first","12":"instock","13":"shipping-taxable","14":"product-type-external"},"yoast_head":"<!-- This site is optimized with the Yoast SEO plugin v27.1.1 - https:\/\/yoast.com\/product\/yoast-seo-wordpress\/ -->\n<title>Bolsas de papel kraft blancas antigrasa \u2013 bolsas antigrasa<\/title>\n<meta name=\"description\" content=\"\u00bfEsta buscando bolsitas de papel kraft blancas antigrasa para alimentos? Baginco tiene bolsas sostenibles y resistentes a las grasas y a la humedad.\" \/>\n<meta name=\"robots\" content=\"index, follow, max-snippet:-1, max-image-preview:large, max-video-preview:-1\" \/>\n<link rel=\"canonical\" href=\"https:\/\/www.baginco.com\/es\/envases\/bolsas-de-papel-kraft-blancas-extra-antigrasa\/\" \/>\n<meta property=\"og:locale\" content=\"es_ES\" \/>\n<meta property=\"og:type\" content=\"article\" \/>\n<meta property=\"og:title\" content=\"Bolsas de papel kraft blancas antigrasa \u2013 bolsas antigrasa\" \/>\n<meta property=\"og:description\" content=\"\u00bfEsta buscando bolsitas de papel kraft blancas antigrasa para alimentos? Baginco tiene bolsas sostenibles y resistentes a las grasas y a la humedad.\" \/>\n<meta property=\"og:url\" content=\"https:\/\/www.baginco.com\/es\/envases\/bolsas-de-papel-kraft-blancas-extra-antigrasa\/\" \/>\n<meta property=\"og:site_name\" content=\"baginco\" \/>\n<meta property=\"article:publisher\" content=\"https:\/\/www.facebook.com\/baginco\" \/>\n<meta property=\"article:modified_time\" content=\"2023-01-11T10:30:57+00:00\" \/>\n<meta property=\"og:image\" content=\"https:\/\/www.baginco.com\/wp-content\/uploads\/2015\/05\/cKATD1085.jpg\" \/>\n\t<meta property=\"og:image:width\" content=\"1654\" \/>\n\t<meta property=\"og:image:height\" content=\"2481\" \/>\n\t<meta property=\"og:image:type\" content=\"image\/jpeg\" \/>\n<meta name=\"twitter:label1\" content=\"Est. reading time\" \/>\n\t<meta name=\"twitter:data1\" content=\"1 minute\" \/>\n<script type=\"application\/ld+json\" class=\"yoast-schema-graph\">{\"@context\":\"https:\/\/schema.org\",\"@graph\":[{\"@type\":\"WebPage\",\"@id\":\"https:\/\/www.baginco.com\/es\/envases\/bolsas-de-papel-kraft-blancas-extra-antigrasa\/\",\"url\":\"https:\/\/www.baginco.com\/es\/envases\/bolsas-de-papel-kraft-blancas-extra-antigrasa\/\",\"name\":\"Bolsas de papel kraft blancas antigrasa \u2013 bolsas antigrasa\",\"isPartOf\":{\"@id\":\"https:\/\/www.baginco.com\/en\/#website\"},\"primaryImageOfPage\":{\"@id\":\"https:\/\/www.baginco.com\/es\/envases\/bolsas-de-papel-kraft-blancas-extra-antigrasa\/#primaryimage\"},\"image\":{\"@id\":\"https:\/\/www.baginco.com\/es\/envases\/bolsas-de-papel-kraft-blancas-extra-antigrasa\/#primaryimage\"},\"thumbnailUrl\":\"https:\/\/www.baginco.com\/wp-content\/uploads\/2023\/01\/cKAT_1365-kopieren-e1673857823913.jpg\",\"datePublished\":\"2023-01-11T10:02:15+00:00\",\"dateModified\":\"2023-01-11T10:30:57+00:00\",\"description\":\"\u00bfEsta buscando bolsitas de papel kraft blancas antigrasa para alimentos? Baginco tiene bolsas sostenibles y resistentes a las grasas y a la humedad.\",\"breadcrumb\":{\"@id\":\"https:\/\/www.baginco.com\/es\/envases\/bolsas-de-papel-kraft-blancas-extra-antigrasa\/#breadcrumb\"},\"inLanguage\":\"es\",\"potentialAction\":[{\"@type\":\"ReadAction\",\"target\":[\"https:\/\/www.baginco.com\/es\/envases\/bolsas-de-papel-kraft-blancas-extra-antigrasa\/\"]}]},{\"@type\":\"ImageObject\",\"inLanguage\":\"es\",\"@id\":\"https:\/\/www.baginco.com\/es\/envases\/bolsas-de-papel-kraft-blancas-extra-antigrasa\/#primaryimage\",\"url\":\"https:\/\/www.baginco.com\/wp-content\/uploads\/2023\/01\/cKAT_1365-kopieren-e1673857823913.jpg\",\"contentUrl\":\"https:\/\/www.baginco.com\/wp-content\/uploads\/2023\/01\/cKAT_1365-kopieren-e1673857823913.jpg\",\"width\":777,\"height\":1260},{\"@type\":\"BreadcrumbList\",\"@id\":\"https:\/\/www.baginco.com\/es\/envases\/bolsas-de-papel-kraft-blancas-extra-antigrasa\/#breadcrumb\",\"itemListElement\":[{\"@type\":\"ListItem\",\"position\":1,\"name\":\"Home\",\"item\":\"https:\/\/www.baginco.com\/es\/\"},{\"@type\":\"ListItem\",\"position\":2,\"name\":\"Shop\",\"item\":\"https:\/\/www.baginco.com\/es\/shop\/\"},{\"@type\":\"ListItem\",\"position\":3,\"name\":\"Bolsas de papel kraft blancas extra antigrasa\"}]},{\"@type\":\"WebSite\",\"@id\":\"https:\/\/www.baginco.com\/en\/#website\",\"url\":\"https:\/\/www.baginco.com\/en\/\",\"name\":\"baginco\",\"description\":\"Just another WordPress site\",\"potentialAction\":[{\"@type\":\"SearchAction\",\"target\":{\"@type\":\"EntryPoint\",\"urlTemplate\":\"https:\/\/www.baginco.com\/en\/?s={search_term_string}\"},\"query-input\":{\"@type\":\"PropertyValueSpecification\",\"valueRequired\":true,\"valueName\":\"search_term_string\"}}],\"inLanguage\":\"es\"}]}<\/script>\n<!-- \/ Yoast SEO plugin. -->","yoast_head_json":{"title":"Bolsas de papel kraft blancas antigrasa \u2013 bolsas antigrasa","description":"\u00bfEsta buscando bolsitas de papel kraft blancas antigrasa para alimentos? Baginco tiene bolsas sostenibles y resistentes a las grasas y a la humedad.","robots":{"index":"index","follow":"follow","max-snippet":"max-snippet:-1","max-image-preview":"max-image-preview:large","max-video-preview":"max-video-preview:-1"},"canonical":"https:\/\/www.baginco.com\/es\/envases\/bolsas-de-papel-kraft-blancas-extra-antigrasa\/","og_locale":"es_ES","og_type":"article","og_title":"Bolsas de papel kraft blancas antigrasa \u2013 bolsas antigrasa","og_description":"\u00bfEsta buscando bolsitas de papel kraft blancas antigrasa para alimentos? Baginco tiene bolsas sostenibles y resistentes a las grasas y a la humedad.","og_url":"https:\/\/www.baginco.com\/es\/envases\/bolsas-de-papel-kraft-blancas-extra-antigrasa\/","og_site_name":"baginco","article_publisher":"https:\/\/www.facebook.com\/baginco","article_modified_time":"2023-01-11T10:30:57+00:00","og_image":[{"width":1654,"height":2481,"url":"https:\/\/www.baginco.com\/wp-content\/uploads\/2015\/05\/cKATD1085.jpg","type":"image\/jpeg"}],"twitter_misc":{"Est. reading time":"1 minute"},"schema":{"@context":"https:\/\/schema.org","@graph":[{"@type":"WebPage","@id":"https:\/\/www.baginco.com\/es\/envases\/bolsas-de-papel-kraft-blancas-extra-antigrasa\/","url":"https:\/\/www.baginco.com\/es\/envases\/bolsas-de-papel-kraft-blancas-extra-antigrasa\/","name":"Bolsas de papel kraft blancas antigrasa \u2013 bolsas antigrasa","isPartOf":{"@id":"https:\/\/www.baginco.com\/en\/#website"},"primaryImageOfPage":{"@id":"https:\/\/www.baginco.com\/es\/envases\/bolsas-de-papel-kraft-blancas-extra-antigrasa\/#primaryimage"},"image":{"@id":"https:\/\/www.baginco.com\/es\/envases\/bolsas-de-papel-kraft-blancas-extra-antigrasa\/#primaryimage"},"thumbnailUrl":"https:\/\/www.baginco.com\/wp-content\/uploads\/2023\/01\/cKAT_1365-kopieren-e1673857823913.jpg","datePublished":"2023-01-11T10:02:15+00:00","dateModified":"2023-01-11T10:30:57+00:00","description":"\u00bfEsta buscando bolsitas de papel kraft blancas antigrasa para alimentos? Baginco tiene bolsas sostenibles y resistentes a las grasas y a la humedad.","breadcrumb":{"@id":"https:\/\/www.baginco.com\/es\/envases\/bolsas-de-papel-kraft-blancas-extra-antigrasa\/#breadcrumb"},"inLanguage":"es","potentialAction":[{"@type":"ReadAction","target":["https:\/\/www.baginco.com\/es\/envases\/bolsas-de-papel-kraft-blancas-extra-antigrasa\/"]}]},{"@type":"ImageObject","inLanguage":"es","@id":"https:\/\/www.baginco.com\/es\/envases\/bolsas-de-papel-kraft-blancas-extra-antigrasa\/#primaryimage","url":"https:\/\/www.baginco.com\/wp-content\/uploads\/2023\/01\/cKAT_1365-kopieren-e1673857823913.jpg","contentUrl":"https:\/\/www.baginco.com\/wp-content\/uploads\/2023\/01\/cKAT_1365-kopieren-e1673857823913.jpg","width":777,"height":1260},{"@type":"BreadcrumbList","@id":"https:\/\/www.baginco.com\/es\/envases\/bolsas-de-papel-kraft-blancas-extra-antigrasa\/#breadcrumb","itemListElement":[{"@type":"ListItem","position":1,"name":"Home","item":"https:\/\/www.baginco.com\/es\/"},{"@type":"ListItem","position":2,"name":"Shop","item":"https:\/\/www.baginco.com\/es\/shop\/"},{"@type":"ListItem","position":3,"name":"Bolsas de papel kraft blancas extra antigrasa"}]},{"@type":"WebSite","@id":"https:\/\/www.baginco.com\/en\/#website","url":"https:\/\/www.baginco.com\/en\/","name":"baginco","description":"Just another WordPress site","potentialAction":[{"@type":"SearchAction","target":{"@type":"EntryPoint","urlTemplate":"https:\/\/www.baginco.com\/en\/?s={search_term_string}"},"query-input":{"@type":"PropertyValueSpecification","valueRequired":true,"valueName":"search_term_string"}}],"inLanguage":"es"}]}},"_links":{"self":[{"href":"https:\/\/www.baginco.com\/es\/wp-json\/wp\/v2\/product\/12912","targetHints":{"allow":["GET"]}}],"collection":[{"href":"https:\/\/www.baginco.com\/es\/wp-json\/wp\/v2\/product"}],"about":[{"href":"https:\/\/www.baginco.com\/es\/wp-json\/wp\/v2\/types\/product"}],"replies":[{"embeddable":true,"href":"https:\/\/www.baginco.com\/es\/wp-json\/wp\/v2\/comments?post=12912"}],"wp:featuredmedia":[{"embeddable":true,"href":"https:\/\/www.baginco.com\/es\/wp-json\/wp\/v2\/media\/12955"}],"wp:attachment":[{"href":"https:\/\/www.baginco.com\/es\/wp-json\/wp\/v2\/media?parent=12912"}],"wp:term":[{"taxonomy":"product_brand","embeddable":true,"href":"https:\/\/www.baginco.com\/es\/wp-json\/wp\/v2\/product_brand?post=12912"},{"taxonomy":"product_cat","embeddable":true,"href":"https:\/\/www.baginco.com\/es\/wp-json\/wp\/v2\/product_cat?post=12912"},{"taxonomy":"product_tag","embeddable":true,"href":"https:\/\/www.baginco.com\/es\/wp-json\/wp\/v2\/product_tag?post=12912"}],"curies":[{"name":"wp","href":"https:\/\/api.w.org\/{rel}","templated":true}]}}